{"id":1485,"date":"2024-11-17T14:05:28","date_gmt":"2024-11-17T14:05:28","guid":{"rendered":"https:\/\/atlascogroup.com\/soluciones-al-aire-libre\/"},"modified":"2024-12-08T16:43:40","modified_gmt":"2024-12-08T16:43:40","slug":"soluciones-al-aire-libre","status":"publish","type":"page","link":"https:\/\/atlascogroup.com\/es\/soluciones-al-aire-libre\/","title":{"rendered":"Soluciones al Aire Libre"},"content":{"rendered":"\t\t<div data-elementor-type=\"wp-page\" data-elementor-id=\"1485\" class=\"elementor elementor-1485 elementor-939\" data-elementor-post-type=\"page\">\n\t\t\t\t<div class=\"elementor-element elementor-element-4341e37 e-flex e-con-boxed e-con e-parent\" data-id=\"4341e37\" data-element_type=\"container\" data-e-type=\"container\" data-settings=\"{&quot;background_background&quot;:&quot;classic&quot;}\">\n\t\t\t\t\t<div class=\"e-con-inner\">\n\t\t\t\t<div class=\"elementor-element elementor-element-0840c9f elementor-widget elementor-widget-spacer\" data-id=\"0840c9f\" data-element_type=\"widget\" data-e-type=\"widget\" data-widget_type=\"spacer.default\">\n\t\t\t\t<div class=\"elementor-widget-container\">\n\t\t\t\t\t\t\t<div class=\"elementor-spacer\">\n\t\t\t<div class=\"elementor-spacer-inner\"><\/div>\n\t\t<\/div>\n\t\t\t\t\t\t<\/div>\n\t\t\t\t<\/div>\n\t\t\t\t<div class=\"elementor-element elementor-element-aca9185 elementor-widget elementor-widget-hub_fancy_heading\" data-id=\"aca9185\" data-element_type=\"widget\" data-e-type=\"widget\" data-widget_type=\"hub_fancy_heading.default\">\n\t\t\t\t<div class=\"elementor-widget-container\">\n\t\t\t\t\t\n\t\t<div id=\"ld-fancy-heading-6a09a38d9a3c3\" class=\"ld-fancy-heading pos-rel\">\n\t\t\t<h2 class=\"ld-fh-element d-inline-block pos-rel  elementor-heading-title lqd-highlight-classic lqd-highlight-grow-left h2\"  > Soluciones al Aire Libre<\/h2>\t\t<\/div>\n\n\t\t\t\t\t\t<\/div>\n\t\t\t\t<\/div>\n\t\t\t\t\t<\/div>\n\t\t\t\t<\/div>\n\t\t<div class=\"elementor-element elementor-element-a7306ec e-flex e-con-boxed e-con e-parent\" data-id=\"a7306ec\" data-element_type=\"container\" data-e-type=\"container\">\n\t\t\t\t\t<div class=\"e-con-inner\">\n\t\t\t\t<div class=\"elementor-element elementor-element-04db699 text-left text--mobilecenter elementor-widget elementor-widget-tp-heading-title\" data-id=\"04db699\" data-element_type=\"widget\" data-e-type=\"widget\" data-widget_type=\"tp-heading-title.default\">\n\t\t\t\t<div class=\"elementor-widget-container\">\n\t\t\t\t\t<div class=\"heading heading_style heading_style6a09a38d9d0a8 style-2 \" ><div class=\"sub-style \"  ><div class=\"head-title \" > <h2  class=\"heading-title   \"   data-hover=\"Elevating Outdoor Living\">Elevating Outdoor Living<\/h2><\/div><div class=\"sub-heading\"><p class=\"heading-sub-title  \"> At Atlas Group LLC, we specialize in creating elegant and durable outdoor solutions that enhance the functionality and aesthetics of any space. Our range of outdoor systems is designed with precision and built to withstand various weather conditions, ensuring long-lasting quality and customer satisfaction. <\/p><\/div><\/div><\/div>\t\t\t\t<\/div>\n\t\t\t\t<\/div>\n\t\t\t\t\t<\/div>\n\t\t\t\t<\/div>\n\t\t\t\t<section data-custom-animations=\"true\" data-ca-options=\"{&quot;addChildTimelines&quot;:false,&quot;animationTarget&quot;:&quot;:scope &gt; .elementor-container &gt; .elementor-column&quot;,&quot;delay&quot;:300,&quot;ease&quot;:[&quot;power4.out&quot;],&quot;initValues&quot;:{&quot;x&quot;:&quot;40px&quot;,&quot;opacity&quot;:0},&quot;animations&quot;:{&quot;x&quot;:&quot;0px&quot;,&quot;opacity&quot;:1}}\" class=\"elementor-section elementor-top-section elementor-element elementor-element-482090f elementor-section-boxed elementor-section-height-default elementor-section-height-default\" data-id=\"482090f\" data-element_type=\"section\" data-e-type=\"section\">\n\t\t\t\t\t\t<div class=\"elementor-container elementor-column-gap-custom\">\n\t\t\t\t\t<div class=\"elementor-column elementor-col-33 elementor-top-column elementor-element elementor-element-4fc5861\" data-id=\"4fc5861\" data-element_type=\"column\" data-e-type=\"column\">\n\t\t\t<div class=\"elementor-widget-wrap elementor-element-populated\">\n\t\t\t\t\t\t<div class=\"elementor-element elementor-element-b398f41 e-transform elementor-align-center elementor-widget elementor-widget-ld_content_box\" data-id=\"b398f41\" data-element_type=\"widget\" data-e-type=\"widget\" data-settings=\"{&quot;_transform_translateY_effect_hover&quot;:{&quot;unit&quot;:&quot;px&quot;,&quot;size&quot;:-20,&quot;sizes&quot;:[]},&quot;_transform_translateX_effect_hover&quot;:{&quot;unit&quot;:&quot;px&quot;,&quot;size&quot;:0,&quot;sizes&quot;:[]},&quot;_transform_translateX_effect_hover_tablet&quot;:{&quot;unit&quot;:&quot;px&quot;,&quot;size&quot;:&quot;&quot;,&quot;sizes&quot;:[]},&quot;_transform_translateX_effect_hover_mobile&quot;:{&quot;unit&quot;:&quot;px&quot;,&quot;size&quot;:&quot;&quot;,&quot;sizes&quot;:[]},&quot;_transform_translateY_effect_hover_tablet&quot;:{&quot;unit&quot;:&quot;px&quot;,&quot;size&quot;:&quot;&quot;,&quot;sizes&quot;:[]},&quot;_transform_translateY_effect_hover_mobile&quot;:{&quot;unit&quot;:&quot;px&quot;,&quot;size&quot;:&quot;&quot;,&quot;sizes&quot;:[]}}\" data-widget_type=\"ld_content_box.default\">\n\t\t\t\t<div class=\"elementor-widget-container\">\n\t\t\t\t\t \n\n\t\t<div class=\"lqd-fb pos-rel lqd-fb-style-11 lqd-fb-zoom-img-onhover border-radius-4 overflow-hidden\"  >\n\t\t\t\t\t\t<div class=\"lqd-fb-img pos-rel overflow-hidden\">\n\t\t\t\t\t<figure>\n\t\t\t\t\t\t<img decoding=\"async\" src=\"https:\/\/atlascogroup.com\/wp-content\/uploads\/2024\/12\/n61v1.jpg\">\t\t\t\t\t<\/figure>\n\t\t\t\t\t<span class=\"lqd-fb-icn d-flex align-items-center justify-content-center border-radius-circle pos-abs pos-mid\">\n\t\t\t\t\t\t<svg width=\"18\" height=\"18\" viewBox=\"0 0 18 18\" xmlns=\"http:\/\/www.w3.org\/2000\/svg\"><path d=\"M7.875 4.76837e-07V7.875H0V9.73H7.875V17.605H9.73V9.73H17.605V7.875H9.73V4.76837e-07H7.875Z\" fill=\"currentColor\"\/><\/svg>\t\t\t\t\t<\/span>\n\t\t\t\t<\/div>\n\n\t\t\t\t<div class=\"lqd-fb-content p-3\">\n\t\t\t\t\t\t\t\t\t\t<h2 class=\"m-0\">Sl\u0131d\u0131ng Glass Solut\u0131ons<\/h2>\n\t\t\t\t\t\t\t\t\t\t\n\t\t\t\t<\/div>\n\n\t\t\t\t<a href=\"https:\/\/atlascogroup.com\/sliding-glass-system\/\" target=\"_blank\" class=\"lqd-overlay\"><\/a>\n\n\t\t\t\t \n\t\t<\/div>\n\t\t\t\t\t\t<\/div>\n\t\t\t\t<\/div>\n\t\t\t\t\t<\/div>\n\t\t<\/div>\n\t\t\t\t<div class=\"elementor-column elementor-col-33 elementor-top-column elementor-element elementor-element-be17fea\" data-id=\"be17fea\" data-element_type=\"column\" data-e-type=\"column\">\n\t\t\t<div class=\"elementor-widget-wrap elementor-element-populated\">\n\t\t\t\t\t\t<div class=\"elementor-element elementor-element-3092258 e-transform elementor-align-center elementor-widget elementor-widget-ld_content_box\" data-id=\"3092258\" data-element_type=\"widget\" data-e-type=\"widget\" data-settings=\"{&quot;_transform_translateX_effect_hover&quot;:{&quot;unit&quot;:&quot;px&quot;,&quot;size&quot;:0,&quot;sizes&quot;:[]},&quot;_transform_translateY_effect_hover&quot;:{&quot;unit&quot;:&quot;px&quot;,&quot;size&quot;:-20,&quot;sizes&quot;:[]},&quot;_transform_translateX_effect_hover_tablet&quot;:{&quot;unit&quot;:&quot;px&quot;,&quot;size&quot;:&quot;&quot;,&quot;sizes&quot;:[]},&quot;_transform_translateX_effect_hover_mobile&quot;:{&quot;unit&quot;:&quot;px&quot;,&quot;size&quot;:&quot;&quot;,&quot;sizes&quot;:[]},&quot;_transform_translateY_effect_hover_tablet&quot;:{&quot;unit&quot;:&quot;px&quot;,&quot;size&quot;:&quot;&quot;,&quot;sizes&quot;:[]},&quot;_transform_translateY_effect_hover_mobile&quot;:{&quot;unit&quot;:&quot;px&quot;,&quot;size&quot;:&quot;&quot;,&quot;sizes&quot;:[]}}\" data-widget_type=\"ld_content_box.default\">\n\t\t\t\t<div class=\"elementor-widget-container\">\n\t\t\t\t\t \n\n\t\t<div class=\"lqd-fb pos-rel lqd-fb-style-11 lqd-fb-zoom-img-onhover border-radius-4 overflow-hidden\"  >\n\t\t\t\t\t\t<div class=\"lqd-fb-img pos-rel overflow-hidden\">\n\t\t\t\t\t<figure>\n\t\t\t\t\t\t<img decoding=\"async\" src=\"https:\/\/atlascogroup.com\/wp-content\/uploads\/2024\/12\/m61b.jpg\">\t\t\t\t\t<\/figure>\n\t\t\t\t\t<span class=\"lqd-fb-icn d-flex align-items-center justify-content-center border-radius-circle pos-abs pos-mid\">\n\t\t\t\t\t\t<svg width=\"18\" height=\"18\" viewBox=\"0 0 18 18\" xmlns=\"http:\/\/www.w3.org\/2000\/svg\"><path d=\"M7.875 4.76837e-07V7.875H0V9.73H7.875V17.605H9.73V9.73H17.605V7.875H9.73V4.76837e-07H7.875Z\" fill=\"currentColor\"\/><\/svg>\t\t\t\t\t<\/span>\n\t\t\t\t<\/div>\n\n\t\t\t\t<div class=\"lqd-fb-content p-3\">\n\t\t\t\t\t\t\t\t\t\t<h2 class=\"m-0\">Pergola Systems<\/h2>\n\t\t\t\t\t\t\t\t\t\t\n\t\t\t\t<\/div>\n\n\t\t\t\t<a href=\"https:\/\/atlascogroup.com\/pergola-system\/\" target=\"_blank\" class=\"lqd-overlay\"><\/a>\n\n\t\t\t\t \n\t\t<\/div>\n\t\t\t\t\t\t<\/div>\n\t\t\t\t<\/div>\n\t\t\t\t\t<\/div>\n\t\t<\/div>\n\t\t\t\t<div class=\"elementor-column elementor-col-33 elementor-top-column elementor-element elementor-element-b70d187\" data-id=\"b70d187\" data-element_type=\"column\" data-e-type=\"column\">\n\t\t\t<div class=\"elementor-widget-wrap elementor-element-populated\">\n\t\t\t\t\t\t<div class=\"elementor-element elementor-element-f59feee e-transform elementor-align-center elementor-widget elementor-widget-ld_content_box\" data-id=\"f59feee\" data-element_type=\"widget\" data-e-type=\"widget\" data-settings=\"{&quot;_transform_translateY_effect_hover&quot;:{&quot;unit&quot;:&quot;px&quot;,&quot;size&quot;:-20,&quot;sizes&quot;:[]},&quot;_transform_translateX_effect_hover&quot;:{&quot;unit&quot;:&quot;px&quot;,&quot;size&quot;:0,&quot;sizes&quot;:[]},&quot;_transform_translateX_effect_hover_tablet&quot;:{&quot;unit&quot;:&quot;px&quot;,&quot;size&quot;:&quot;&quot;,&quot;sizes&quot;:[]},&quot;_transform_translateX_effect_hover_mobile&quot;:{&quot;unit&quot;:&quot;px&quot;,&quot;size&quot;:&quot;&quot;,&quot;sizes&quot;:[]},&quot;_transform_translateY_effect_hover_tablet&quot;:{&quot;unit&quot;:&quot;px&quot;,&quot;size&quot;:&quot;&quot;,&quot;sizes&quot;:[]},&quot;_transform_translateY_effect_hover_mobile&quot;:{&quot;unit&quot;:&quot;px&quot;,&quot;size&quot;:&quot;&quot;,&quot;sizes&quot;:[]}}\" data-widget_type=\"ld_content_box.default\">\n\t\t\t\t<div class=\"elementor-widget-container\">\n\t\t\t\t\t \n\n\t\t<div class=\"lqd-fb pos-rel lqd-fb-style-11 lqd-fb-zoom-img-onhover border-radius-4 overflow-hidden\"  >\n\t\t\t\t\t\t<div class=\"lqd-fb-img pos-rel overflow-hidden\">\n\t\t\t\t\t<figure>\n\t\t\t\t\t\t<img decoding=\"async\" src=\"https:\/\/atlascogroup.com\/wp-content\/uploads\/2024\/12\/mnbr.jpg\">\t\t\t\t\t<\/figure>\n\t\t\t\t\t<span class=\"lqd-fb-icn d-flex align-items-center justify-content-center border-radius-circle pos-abs pos-mid\">\n\t\t\t\t\t\t<svg width=\"18\" height=\"18\" viewBox=\"0 0 18 18\" xmlns=\"http:\/\/www.w3.org\/2000\/svg\"><path d=\"M7.875 4.76837e-07V7.875H0V9.73H7.875V17.605H9.73V9.73H17.605V7.875H9.73V4.76837e-07H7.875Z\" fill=\"currentColor\"\/><\/svg>\t\t\t\t\t<\/span>\n\t\t\t\t<\/div>\n\n\t\t\t\t<div class=\"lqd-fb-content p-3\">\n\t\t\t\t\t\t\t\t\t\t<h2 class=\"m-0\">Gu\u0131llot\u0131ne Glass systems<\/h2>\n\t\t\t\t\t\t\t\t\t\t\n\t\t\t\t<\/div>\n\n\t\t\t\t<a href=\"https:\/\/atlascogroup.com\/guillotine-glass-system\/\" target=\"_blank\" class=\"lqd-overlay\"><\/a>\n\n\t\t\t\t \n\t\t<\/div>\n\t\t\t\t\t\t<\/div>\n\t\t\t\t<\/div>\n\t\t\t\t\t<\/div>\n\t\t<\/div>\n\t\t\t\t\t<\/div>\n\t\t<\/section>\n\t\t\t\t<section data-custom-animations=\"true\" data-ca-options=\"{&quot;addChildTimelines&quot;:false,&quot;animationTarget&quot;:&quot;:scope &gt; .elementor-container &gt; .elementor-column&quot;,&quot;delay&quot;:300,&quot;ease&quot;:[&quot;power4.out&quot;],&quot;initValues&quot;:{&quot;x&quot;:&quot;40px&quot;,&quot;opacity&quot;:0},&quot;animations&quot;:{&quot;x&quot;:&quot;0px&quot;,&quot;opacity&quot;:1}}\" class=\"elementor-section elementor-top-section elementor-element elementor-element-f0a296b elementor-section-boxed elementor-section-height-default elementor-section-height-default\" data-id=\"f0a296b\" data-element_type=\"section\" data-e-type=\"section\">\n\t\t\t\t\t\t<div class=\"elementor-container elementor-column-gap-custom\">\n\t\t\t\t\t<div class=\"elementor-column elementor-col-33 elementor-top-column elementor-element elementor-element-59f05b4\" data-id=\"59f05b4\" data-element_type=\"column\" data-e-type=\"column\">\n\t\t\t<div class=\"elementor-widget-wrap elementor-element-populated\">\n\t\t\t\t\t\t<div class=\"elementor-element elementor-element-0b33334 e-transform elementor-align-center elementor-widget elementor-widget-ld_content_box\" data-id=\"0b33334\" data-element_type=\"widget\" data-e-type=\"widget\" data-settings=\"{&quot;_transform_translateY_effect_hover&quot;:{&quot;unit&quot;:&quot;px&quot;,&quot;size&quot;:-20,&quot;sizes&quot;:[]},&quot;_transform_translateX_effect_hover&quot;:{&quot;unit&quot;:&quot;px&quot;,&quot;size&quot;:0,&quot;sizes&quot;:[]},&quot;_transform_translateX_effect_hover_tablet&quot;:{&quot;unit&quot;:&quot;px&quot;,&quot;size&quot;:&quot;&quot;,&quot;sizes&quot;:[]},&quot;_transform_translateX_effect_hover_mobile&quot;:{&quot;unit&quot;:&quot;px&quot;,&quot;size&quot;:&quot;&quot;,&quot;sizes&quot;:[]},&quot;_transform_translateY_effect_hover_tablet&quot;:{&quot;unit&quot;:&quot;px&quot;,&quot;size&quot;:&quot;&quot;,&quot;sizes&quot;:[]},&quot;_transform_translateY_effect_hover_mobile&quot;:{&quot;unit&quot;:&quot;px&quot;,&quot;size&quot;:&quot;&quot;,&quot;sizes&quot;:[]}}\" data-widget_type=\"ld_content_box.default\">\n\t\t\t\t<div class=\"elementor-widget-container\">\n\t\t\t\t\t \n\n\t\t<div class=\"lqd-fb pos-rel lqd-fb-style-11 lqd-fb-zoom-img-onhover border-radius-4 overflow-hidden\"  >\n\t\t\t\t\t\t<div class=\"lqd-fb-img pos-rel overflow-hidden\">\n\t\t\t\t\t<figure>\n\t\t\t\t\t\t<img decoding=\"async\" src=\"https:\/\/atlascogroup.com\/wp-content\/uploads\/2024\/12\/n5315.jpg\">\t\t\t\t\t<\/figure>\n\t\t\t\t\t<span class=\"lqd-fb-icn d-flex align-items-center justify-content-center border-radius-circle pos-abs pos-mid\">\n\t\t\t\t\t\t<svg width=\"18\" height=\"18\" viewBox=\"0 0 18 18\" xmlns=\"http:\/\/www.w3.org\/2000\/svg\"><path d=\"M7.875 4.76837e-07V7.875H0V9.73H7.875V17.605H9.73V9.73H17.605V7.875H9.73V4.76837e-07H7.875Z\" fill=\"currentColor\"\/><\/svg>\t\t\t\t\t<\/span>\n\t\t\t\t<\/div>\n\n\t\t\t\t<div class=\"lqd-fb-content p-3\">\n\t\t\t\t\t\t\t\t\t\t<h2 class=\"m-0\">Roll\u0131ng Curta\u0131n Systems<\/h2>\n\t\t\t\t\t\t\t\t\t\t\n\t\t\t\t<\/div>\n\n\t\t\t\t<a href=\"https:\/\/atlascogroup.com\/rolling-curtain-system\/\" target=\"_blank\" class=\"lqd-overlay\"><\/a>\n\n\t\t\t\t \n\t\t<\/div>\n\t\t\t\t\t\t<\/div>\n\t\t\t\t<\/div>\n\t\t\t\t\t<\/div>\n\t\t<\/div>\n\t\t\t\t<div class=\"elementor-column elementor-col-33 elementor-top-column elementor-element elementor-element-38d7cd4\" data-id=\"38d7cd4\" data-element_type=\"column\" data-e-type=\"column\">\n\t\t\t<div class=\"elementor-widget-wrap elementor-element-populated\">\n\t\t\t\t\t\t<div class=\"elementor-element elementor-element-14bbafb e-transform elementor-align-center elementor-widget elementor-widget-ld_content_box\" data-id=\"14bbafb\" data-element_type=\"widget\" data-e-type=\"widget\" data-settings=\"{&quot;_transform_translateX_effect_hover&quot;:{&quot;unit&quot;:&quot;px&quot;,&quot;size&quot;:0,&quot;sizes&quot;:[]},&quot;_transform_translateY_effect_hover&quot;:{&quot;unit&quot;:&quot;px&quot;,&quot;size&quot;:-20,&quot;sizes&quot;:[]},&quot;_transform_translateX_effect_hover_tablet&quot;:{&quot;unit&quot;:&quot;px&quot;,&quot;size&quot;:&quot;&quot;,&quot;sizes&quot;:[]},&quot;_transform_translateX_effect_hover_mobile&quot;:{&quot;unit&quot;:&quot;px&quot;,&quot;size&quot;:&quot;&quot;,&quot;sizes&quot;:[]},&quot;_transform_translateY_effect_hover_tablet&quot;:{&quot;unit&quot;:&quot;px&quot;,&quot;size&quot;:&quot;&quot;,&quot;sizes&quot;:[]},&quot;_transform_translateY_effect_hover_mobile&quot;:{&quot;unit&quot;:&quot;px&quot;,&quot;size&quot;:&quot;&quot;,&quot;sizes&quot;:[]}}\" data-widget_type=\"ld_content_box.default\">\n\t\t\t\t<div class=\"elementor-widget-container\">\n\t\t\t\t\t \n\n\t\t<div class=\"lqd-fb pos-rel lqd-fb-style-11 lqd-fb-zoom-img-onhover border-radius-4 overflow-hidden\"  >\n\t\t\t\t\t\t<div class=\"lqd-fb-img pos-rel overflow-hidden\">\n\t\t\t\t\t<figure>\n\t\t\t\t\t\t<img decoding=\"async\" src=\"https:\/\/atlascogroup.com\/wp-content\/uploads\/2024\/12\/m61v6.jpg\">\t\t\t\t\t<\/figure>\n\t\t\t\t\t<span class=\"lqd-fb-icn d-flex align-items-center justify-content-center border-radius-circle pos-abs pos-mid\">\n\t\t\t\t\t\t<svg width=\"18\" height=\"18\" viewBox=\"0 0 18 18\" xmlns=\"http:\/\/www.w3.org\/2000\/svg\"><path d=\"M7.875 4.76837e-07V7.875H0V9.73H7.875V17.605H9.73V9.73H17.605V7.875H9.73V4.76837e-07H7.875Z\" fill=\"currentColor\"\/><\/svg>\t\t\t\t\t<\/span>\n\t\t\t\t<\/div>\n\n\t\t\t\t<div class=\"lqd-fb-content p-3\">\n\t\t\t\t\t\t\t\t\t\t<h2 class=\"m-0\">B\u0131-Fold System<\/h2>\n\t\t\t\t\t\t\t\t\t\t\n\t\t\t\t<\/div>\n\n\t\t\t\t<a href=\"https:\/\/atlascogroup.com\/bi-fold-system\" target=\"_blank\" class=\"lqd-overlay\"><\/a>\n\n\t\t\t\t \n\t\t<\/div>\n\t\t\t\t\t\t<\/div>\n\t\t\t\t<\/div>\n\t\t\t\t\t<\/div>\n\t\t<\/div>\n\t\t\t\t<div class=\"elementor-column elementor-col-33 elementor-top-column elementor-element elementor-element-2cd935a\" data-id=\"2cd935a\" data-element_type=\"column\" data-e-type=\"column\">\n\t\t\t<div class=\"elementor-widget-wrap\">\n\t\t\t\t\t\t\t<\/div>\n\t\t<\/div>\n\t\t\t\t\t<\/div>\n\t\t<\/section>\n\t\t\t\t<\/div>\n\t\t","protected":false},"excerpt":{"rendered":"<p>Soluciones al Aire Libre Elevating Outdoor Living At Atlas Group LLC, we specialize in creating elegant and durable outdoor solutions that enhance the functionality and aesthetics of any space. Our range of outdoor systems is designed with precision and built to withstand various weather conditions, ensuring long-lasting quality and customer satisfaction. Sl\u0131d\u0131ng Glass Solut\u0131ons Pergola [&hellip;]<\/p>\n","protected":false},"author":1,"featured_media":0,"parent":0,"menu_order":0,"comment_status":"closed","ping_status":"closed","template":"","meta":{"footnotes":""},"class_list":["post-1485","page","type-page","status-publish","hentry"],"_links":{"self":[{"href":"https:\/\/atlascogroup.com\/es\/wp-json\/wp\/v2\/pages\/1485","targetHints":{"allow":["GET"]}}],"collection":[{"href":"https:\/\/atlascogroup.com\/es\/wp-json\/wp\/v2\/pages"}],"about":[{"href":"https:\/\/atlascogroup.com\/es\/wp-json\/wp\/v2\/types\/page"}],"author":[{"embeddable":true,"href":"https:\/\/atlascogroup.com\/es\/wp-json\/wp\/v2\/users\/1"}],"replies":[{"embeddable":true,"href":"https:\/\/atlascogroup.com\/es\/wp-json\/wp\/v2\/comments?post=1485"}],"version-history":[{"count":1,"href":"https:\/\/atlascogroup.com\/es\/wp-json\/wp\/v2\/pages\/1485\/revisions"}],"predecessor-version":[{"id":1486,"href":"https:\/\/atlascogroup.com\/es\/wp-json\/wp\/v2\/pages\/1485\/revisions\/1486"}],"wp:attachment":[{"href":"https:\/\/atlascogroup.com\/es\/wp-json\/wp\/v2\/media?parent=1485"}],"curies":[{"name":"wp","href":"https:\/\/api.w.org\/{rel}","templated":true}]}}