{"id":1491,"date":"2022-04-08T14:20:09","date_gmt":"2022-04-08T14:20:09","guid":{"rendered":"https:\/\/atlascogroup.com\/proyectos\/"},"modified":"2025-01-15T02:59:49","modified_gmt":"2025-01-15T02:59:49","slug":"proyectos","status":"publish","type":"page","link":"https:\/\/atlascogroup.com\/es\/proyectos\/","title":{"rendered":"Proyectos"},"content":{"rendered":"\t\t<div data-elementor-type=\"wp-page\" data-elementor-id=\"1491\" class=\"elementor elementor-1491 elementor-607\" data-elementor-post-type=\"page\">\n\t\t\t\t\t\t<section class=\"elementor-section elementor-top-section elementor-element elementor-element-40fd793 elementor-section-boxed elementor-section-height-default elementor-section-height-default\" data-id=\"40fd793\" data-element_type=\"section\" data-e-type=\"section\">\n\t\t\t\t\t\t<div class=\"elementor-container elementor-column-gap-default\">\n\t\t\t\t\t<div class=\"elementor-column elementor-col-100 elementor-top-column elementor-element elementor-element-1b3bedc\" data-id=\"1b3bedc\" data-element_type=\"column\" data-e-type=\"column\">\n\t\t\t<div class=\"elementor-widget-wrap elementor-element-populated\">\n\t\t\t\t\t\t<div class=\"elementor-element elementor-element-0d8930a elementor-widget elementor-widget-hub_fancy_heading\" data-id=\"0d8930a\" data-element_type=\"widget\" data-e-type=\"widget\" data-widget_type=\"hub_fancy_heading.default\">\n\t\t\t\t<div class=\"elementor-widget-container\">\n\t\t\t\t\t\n\t\t<div id=\"ld-fancy-heading-6a09a405e9c41\" class=\"ld-fancy-heading pos-rel\">\n\t\t\t<h2 class=\"ld-fh-element d-inline-block pos-rel  elementor-heading-title lqd-highlight-classic lqd-highlight-grow-left h2\"  > Proyectos Recientes\n\n\n\n\n\n\n<\/h2>\t\t<\/div>\n\n\t\t\t\t\t\t<\/div>\n\t\t\t\t<\/div>\n\t\t\t\t<div class=\"elementor-element elementor-element-56edb68 elementor-widget elementor-widget-hub_fancy_heading\" data-id=\"56edb68\" data-element_type=\"widget\" data-e-type=\"widget\" data-widget_type=\"hub_fancy_heading.default\">\n\t\t\t\t<div class=\"elementor-widget-container\">\n\t\t\t\t\t\n\t\t<div id=\"ld-fancy-heading-6a09a405ea1e3\" class=\"ld-fancy-heading pos-rel\">\n\t\t\t<p class=\"ld-fh-element d-inline-block pos-rel  lqd-highlight-classic lqd-highlight-grow-left p\"  > Los proyectos recientes de Atlas Group LLC muestran un dise\u00f1o innovador y una ingenier\u00eda de primer nivel, combinando est\u00e9tica y funcionalidad en perfecta armon\u00eda. Abarcando una amplia gama de sectores de construcci\u00f3n, estos proyectos ofrecen soluciones de alta calidad adaptadas a los est\u00e1ndares de nuestros clientes.\n\n\n\n\n\n\n<\/p>\t\t<\/div>\n\n\t\t\t\t\t\t<\/div>\n\t\t\t\t<\/div>\n\t\t\t\t<div class=\"elementor-element elementor-element-73d3846 elementor-widget elementor-widget-ld_tabs\" data-id=\"73d3846\" data-element_type=\"widget\" data-e-type=\"widget\" data-widget_type=\"ld_tabs.default\">\n\t\t\t\t<div class=\"elementor-widget-container\">\n\t\t\t\t\t\t\t<div class=\"lqd-tabs lqd-tabs-style-1 lqd-tabs-nav-iconbox lqd-tabs-nav-items-not-expanded 73d3846 lqd-nav-underline-\" data-tabs-options='{\"trigger\":\"click\"}'>\n\t\t\n\t\t\t<nav class=\"lqd-tabs-nav-wrap mb-5\">\n\t\t\t\t<ul class=\"reset-ul lqd-tabs-nav d-flex align-items-center justify-content-between pos-rel\" role=\"tablist\"><li data-controls=\"lqd-tab-1211\" role=\"presentation\" class=\"elementor-repeater-item-a97db41 active text-center\"><a class=\"d-block\" href=\"#lqd-tab-1211\" aria-expanded=\"false\" aria-controls=\"lqd-tab-1211\" role=\"tab\" data-toggle=\"tab\"><span class=\"lqd-tabs-nav-icon d-block\"><span class=\"lqd-tabs-nav-content d-block\"><span class=\"d-block pos-rel h3 mt-0 mb-0\">Exterior<\/span><\/span><\/span><span class=\"lqd-tabs-nav-progress\"><span class=\"lqd-tabs-nav-progress-inner\"><\/span><\/span><\/a><\/li><li data-controls=\"lqd-tab-1212\" role=\"presentation\" class=\"elementor-repeater-item-1cafe9b text-center\"><a class=\"d-block\" href=\"#lqd-tab-1212\" aria-expanded=\"false\" aria-controls=\"lqd-tab-1212\" role=\"tab\" data-toggle=\"tab\"><span class=\"lqd-tabs-nav-icon d-block\"><span class=\"lqd-tabs-nav-content d-block\"><span class=\"d-block pos-rel h3 mt-0 mb-0\">Interior<\/span><\/span><\/span><span class=\"lqd-tabs-nav-progress\"><span class=\"lqd-tabs-nav-progress-inner\"><\/span><\/span><\/a><\/li><li data-controls=\"lqd-tab-1213\" role=\"presentation\" class=\"elementor-repeater-item-4e5551f text-center\"><a class=\"d-block\" href=\"#lqd-tab-1213\" aria-expanded=\"false\" aria-controls=\"lqd-tab-1213\" role=\"tab\" data-toggle=\"tab\"><span class=\"lqd-tabs-nav-icon d-block\"><span class=\"lqd-tabs-nav-content d-block\"><span class=\"d-block pos-rel h3 mt-0 mb-0\">Out Door<\/span><\/span><\/span><span class=\"lqd-tabs-nav-progress\"><span class=\"lqd-tabs-nav-progress-inner\"><\/span><\/span><\/a><\/li><\/ul>\t\t\t\t \n\t\t\t<\/nav>\n\t\t\n\t\t\t<div class=\"lqd-tabs-content pos-rel\"><div id=\"lqd-tab-1211\" role=\"tabpanel\" class=\"lqd-tabs-pane fade active in\"><style>.elementor-1745 .elementor-element.elementor-element-867c738{--display:flex;}.elementor-1745 .elementor-element.elementor-element-76f1773 .gallery-item .gallery-caption{text-align:center;}<\/style>\t\t<div data-elementor-type=\"section\" data-elementor-id=\"1745\" class=\"elementor elementor-1745\" data-elementor-post-type=\"elementor_library\">\n\t\t\t<div class=\"elementor-element elementor-element-867c738 e-flex e-con-boxed e-con e-parent\" data-id=\"867c738\" data-element_type=\"container\" data-e-type=\"container\">\n\t\t\t\t\t<div class=\"e-con-inner\">\n\t\t\t\t<div class=\"elementor-element elementor-element-76f1773 elementor-widget elementor-widget-image-gallery\" data-id=\"76f1773\" data-element_type=\"widget\" data-e-type=\"widget\" data-widget_type=\"image-gallery.default\">\n\t\t\t\t<div class=\"elementor-widget-container\">\n\t\t\t\t\t\t\t<div class=\"elementor-image-gallery\">\n\t\t\t<div id='gallery-2' class='gallery galleryid-7 gallery-columns-3 gallery-size-liquid-style19-lb'><figure class='gallery-item'>\n\t\t\t<div class='gallery-icon landscape'>\n\t\t\t\t<a data-elementor-open-lightbox=\"yes\" data-elementor-lightbox-slideshow=\"76f1773\" data-elementor-lightbox-title=\"Curtain-Wall.jpg\" data-e-action-hash=\"#elementor-action%3Aaction%3Dlightbox%26settings%3DeyJpZCI6MTY2NywidXJsIjoiaHR0cHM6XC9cL2F0bGFzY29ncm91cC5jb21cL3dwLWNvbnRlbnRcL3VwbG9hZHNcLzIwMjRcLzEyXC9DdXJ0YWluLVdhbGwtMS5qcGciLCJzbGlkZXNob3ciOiI3NmYxNzczIn0%3D\" href='https:\/\/atlascogroup.com\/wp-content\/uploads\/2024\/12\/Curtain-Wall-1.jpg'><img fetchpriority=\"high\" decoding=\"async\" width=\"700\" height=\"560\" src=\"data:image\/svg+xml;charset=utf-8,%3Csvg xmlns%3D&#039;http%3A%2F%2Fwww.w3.org%2F2000%2Fsvg&#039; viewBox%3D&#039;0 0 700 560&#039;%2F%3E\" class=\"attachment-liquid-style19-lb size-liquid-style19-lb ld-lazyload\" alt=\"\" data-src=\"https:\/\/atlascogroup.com\/wp-content\/uploads\/2024\/12\/Curtain-Wall-1-700x560.jpg\" data-aspect=\"1.25\" \/><\/a>\n\t\t\t<\/div><\/figure><figure class='gallery-item'>\n\t\t\t<div class='gallery-icon portrait'>\n\t\t\t\t<a data-elementor-open-lightbox=\"yes\" data-elementor-lightbox-slideshow=\"76f1773\" data-elementor-lightbox-title=\"Storefront.jpg\" data-e-action-hash=\"#elementor-action%3Aaction%3Dlightbox%26settings%3DeyJpZCI6MTY2OSwidXJsIjoiaHR0cHM6XC9cL2F0bGFzY29ncm91cC5jb21cL3dwLWNvbnRlbnRcL3VwbG9hZHNcLzIwMjRcLzEyXC9TdG9yZWZyb250LTEuanBnIiwic2xpZGVzaG93IjoiNzZmMTc3MyJ9\" href='https:\/\/atlascogroup.com\/wp-content\/uploads\/2024\/12\/Storefront-1.jpg'><img decoding=\"async\" width=\"700\" height=\"560\" src=\"data:image\/svg+xml;charset=utf-8,%3Csvg xmlns%3D&#039;http%3A%2F%2Fwww.w3.org%2F2000%2Fsvg&#039; viewBox%3D&#039;0 0 700 560&#039;%2F%3E\" class=\"attachment-liquid-style19-lb size-liquid-style19-lb ld-lazyload\" alt=\"\" data-src=\"https:\/\/atlascogroup.com\/wp-content\/uploads\/2024\/12\/Storefront-1-700x560.jpg\" data-aspect=\"1.25\" \/><\/a>\n\t\t\t<\/div><\/figure><figure class='gallery-item'>\n\t\t\t<div class='gallery-icon landscape'>\n\t\t\t\t<a data-elementor-open-lightbox=\"yes\" data-elementor-lightbox-slideshow=\"76f1773\" data-elementor-lightbox-title=\"Spider-Wall.jpg\" data-e-action-hash=\"#elementor-action%3Aaction%3Dlightbox%26settings%3DeyJpZCI6MTY3MSwidXJsIjoiaHR0cHM6XC9cL2F0bGFzY29ncm91cC5jb21cL3dwLWNvbnRlbnRcL3VwbG9hZHNcLzIwMjRcLzEyXC9TcGlkZXItV2FsbC0xLmpwZyIsInNsaWRlc2hvdyI6Ijc2ZjE3NzMifQ%3D%3D\" href='https:\/\/atlascogroup.com\/wp-content\/uploads\/2024\/12\/Spider-Wall-1.jpg'><img decoding=\"async\" width=\"700\" height=\"560\" src=\"data:image\/svg+xml;charset=utf-8,%3Csvg xmlns%3D&#039;http%3A%2F%2Fwww.w3.org%2F2000%2Fsvg&#039; viewBox%3D&#039;0 0 700 560&#039;%2F%3E\" class=\"attachment-liquid-style19-lb size-liquid-style19-lb ld-lazyload\" alt=\"\" data-src=\"https:\/\/atlascogroup.com\/wp-content\/uploads\/2024\/12\/Spider-Wall-1-700x560.jpg\" data-aspect=\"1.25\" \/><\/a>\n\t\t\t<\/div><\/figure>\n\t\t<\/div>\n\t\t<\/div>\n\t\t\t\t\t\t<\/div>\n\t\t\t\t<\/div>\n\t\t\t\t\t<\/div>\n\t\t\t\t<\/div>\n\t\t\t\t<\/div>\n\t\t <\/div><div id=\"lqd-tab-1212\" role=\"tabpanel\" class=\"lqd-tabs-pane fade\"><style>.elementor-1748 .elementor-element.elementor-element-71cc4b6{--display:flex;}.elementor-1748 .elementor-element.elementor-element-fe794b1 .gallery-item .gallery-caption{text-align:center;}<\/style>\t\t<div data-elementor-type=\"section\" data-elementor-id=\"1748\" class=\"elementor elementor-1748\" data-elementor-post-type=\"elementor_library\">\n\t\t\t<div class=\"elementor-element elementor-element-71cc4b6 e-flex e-con-boxed e-con e-parent\" data-id=\"71cc4b6\" data-element_type=\"container\" data-e-type=\"container\">\n\t\t\t\t\t<div class=\"e-con-inner\">\n\t\t\t\t<div class=\"elementor-element elementor-element-fe794b1 elementor-widget elementor-widget-image-gallery\" data-id=\"fe794b1\" data-element_type=\"widget\" data-e-type=\"widget\" data-widget_type=\"image-gallery.default\">\n\t\t\t\t<div class=\"elementor-widget-container\">\n\t\t\t\t\t\t\t<div class=\"elementor-image-gallery\">\n\t\t\t<div id='gallery-1' class='gallery galleryid-7 gallery-columns-3 gallery-size-liquid-style19-lb'><figure class='gallery-item'>\n\t\t\t<div class='gallery-icon landscape'>\n\t\t\t\t<a data-elementor-open-lightbox=\"yes\" data-elementor-lightbox-slideshow=\"fe794b1\" data-elementor-lightbox-title=\"Glass-Rail-.jpg\" data-e-action-hash=\"#elementor-action%3Aaction%3Dlightbox%26settings%3DeyJpZCI6MTY3NSwidXJsIjoiaHR0cHM6XC9cL2F0bGFzY29ncm91cC5jb21cL3dwLWNvbnRlbnRcL3VwbG9hZHNcLzIwMjRcLzEyXC9HbGFzcy1SYWlsLTEtMS5qcGciLCJzbGlkZXNob3ciOiJmZTc5NGIxIn0%3D\" href='https:\/\/atlascogroup.com\/wp-content\/uploads\/2024\/12\/Glass-Rail-1-1.jpg'><img loading=\"lazy\" decoding=\"async\" width=\"700\" height=\"560\" src=\"https:\/\/atlascogroup.com\/wp-content\/uploads\/2024\/12\/Glass-Rail-1-1-700x560.jpg\" class=\"attachment-liquid-style19-lb size-liquid-style19-lb\" alt=\"\" \/><\/a>\n\t\t\t<\/div><\/figure><figure class='gallery-item'>\n\t\t\t<div class='gallery-icon portrait'>\n\t\t\t\t<a data-elementor-open-lightbox=\"yes\" data-elementor-lightbox-slideshow=\"fe794b1\" data-elementor-lightbox-title=\"Shower-Glass.jpg\" data-e-action-hash=\"#elementor-action%3Aaction%3Dlightbox%26settings%3DeyJpZCI6MTY3MywidXJsIjoiaHR0cHM6XC9cL2F0bGFzY29ncm91cC5jb21cL3dwLWNvbnRlbnRcL3VwbG9hZHNcLzIwMjRcLzEyXC9TaG93ZXItR2xhc3MtMS5qcGciLCJzbGlkZXNob3ciOiJmZTc5NGIxIn0%3D\" href='https:\/\/atlascogroup.com\/wp-content\/uploads\/2024\/12\/Shower-Glass-1.jpg'><img loading=\"lazy\" decoding=\"async\" width=\"700\" height=\"560\" src=\"data:image\/svg+xml;charset=utf-8,%3Csvg xmlns%3D&#039;http%3A%2F%2Fwww.w3.org%2F2000%2Fsvg&#039; viewBox%3D&#039;0 0 700 560&#039;%2F%3E\" class=\"attachment-liquid-style19-lb size-liquid-style19-lb ld-lazyload\" alt=\"\" data-src=\"https:\/\/atlascogroup.com\/wp-content\/uploads\/2024\/12\/Shower-Glass-1-700x560.jpg\" data-aspect=\"1.25\" \/><\/a>\n\t\t\t<\/div><\/figure><figure class='gallery-item'>\n\t\t\t<div class='gallery-icon landscape'>\n\t\t\t\t<a data-elementor-open-lightbox=\"yes\" data-elementor-lightbox-slideshow=\"fe794b1\" data-elementor-lightbox-title=\"Office-Partitions.jpg\" data-e-action-hash=\"#elementor-action%3Aaction%3Dlightbox%26settings%3DeyJpZCI6MTY3NywidXJsIjoiaHR0cHM6XC9cL2F0bGFzY29ncm91cC5jb21cL3dwLWNvbnRlbnRcL3VwbG9hZHNcLzIwMjRcLzEyXC9PZmZpY2UtUGFydGl0aW9ucy0xLmpwZyIsInNsaWRlc2hvdyI6ImZlNzk0YjEifQ%3D%3D\" href='https:\/\/atlascogroup.com\/wp-content\/uploads\/2024\/12\/Office-Partitions-1.jpg'><img loading=\"lazy\" decoding=\"async\" width=\"700\" height=\"560\" src=\"data:image\/svg+xml;charset=utf-8,%3Csvg xmlns%3D&#039;http%3A%2F%2Fwww.w3.org%2F2000%2Fsvg&#039; viewBox%3D&#039;0 0 700 560&#039;%2F%3E\" class=\"attachment-liquid-style19-lb size-liquid-style19-lb ld-lazyload\" alt=\"\" data-src=\"https:\/\/atlascogroup.com\/wp-content\/uploads\/2024\/12\/Office-Partitions-1-700x560.jpg\" data-aspect=\"1.25\" \/><\/a>\n\t\t\t<\/div><\/figure>\n\t\t<\/div>\n\t\t<\/div>\n\t\t\t\t\t\t<\/div>\n\t\t\t\t<\/div>\n\t\t\t\t\t<\/div>\n\t\t\t\t<\/div>\n\t\t\t\t<\/div>\n\t\t <\/div><div id=\"lqd-tab-1213\" role=\"tabpanel\" class=\"lqd-tabs-pane fade\"><style>.elementor-1751 .elementor-element.elementor-element-c180b46{--display:flex;}.elementor-1751 .elementor-element.elementor-element-5d6ebfa .gallery-item .gallery-caption{text-align:center;}<\/style>\t\t<div data-elementor-type=\"section\" data-elementor-id=\"1751\" class=\"elementor elementor-1751\" data-elementor-post-type=\"elementor_library\">\n\t\t\t<div class=\"elementor-element elementor-element-c180b46 e-flex e-con-boxed e-con e-parent\" data-id=\"c180b46\" data-element_type=\"container\" data-e-type=\"container\">\n\t\t\t\t\t<div class=\"e-con-inner\">\n\t\t\t\t<div class=\"elementor-element elementor-element-5d6ebfa elementor-widget elementor-widget-image-gallery\" data-id=\"5d6ebfa\" data-element_type=\"widget\" data-e-type=\"widget\" data-widget_type=\"image-gallery.default\">\n\t\t\t\t<div class=\"elementor-widget-container\">\n\t\t\t\t\t\t\t<div class=\"elementor-image-gallery\">\n\t\t\t<div id='gallery-3' class='gallery galleryid-7 gallery-columns-3 gallery-size-liquid-style19-lb'><figure class='gallery-item'>\n\t\t\t<div class='gallery-icon landscape'>\n\t\t\t\t<a data-elementor-open-lightbox=\"yes\" data-elementor-lightbox-slideshow=\"5d6ebfa\" data-elementor-lightbox-title=\"Guillatine-Glass-System.webp\" data-e-action-hash=\"#elementor-action%3Aaction%3Dlightbox%26settings%3DeyJpZCI6MTY5OSwidXJsIjoiaHR0cHM6XC9cL2F0bGFzY29ncm91cC5jb21cL3dwLWNvbnRlbnRcL3VwbG9hZHNcLzIwMjRcLzEyXC9HdWlsbGF0aW5lLUdsYXNzLVN5c3RlbS0zLndlYnAiLCJzbGlkZXNob3ciOiI1ZDZlYmZhIn0%3D\" href='https:\/\/atlascogroup.com\/wp-content\/uploads\/2024\/12\/Guillatine-Glass-System-3.webp'><img loading=\"lazy\" decoding=\"async\" width=\"700\" height=\"560\" src=\"data:image\/svg+xml;charset=utf-8,%3Csvg xmlns%3D&#039;http%3A%2F%2Fwww.w3.org%2F2000%2Fsvg&#039; viewBox%3D&#039;0 0 700 560&#039;%2F%3E\" class=\"attachment-liquid-style19-lb size-liquid-style19-lb ld-lazyload\" alt=\"\" data-src=\"https:\/\/atlascogroup.com\/wp-content\/uploads\/2024\/12\/Guillatine-Glass-System-3-700x560.webp\" data-aspect=\"1.25\" \/><\/a>\n\t\t\t<\/div><\/figure><figure class='gallery-item'>\n\t\t\t<div class='gallery-icon landscape'>\n\t\t\t\t<a data-elementor-open-lightbox=\"yes\" data-elementor-lightbox-slideshow=\"5d6ebfa\" data-elementor-lightbox-title=\"Pergola-System.jpg\" data-e-action-hash=\"#elementor-action%3Aaction%3Dlightbox%26settings%3DeyJpZCI6MTcwMSwidXJsIjoiaHR0cHM6XC9cL2F0bGFzY29ncm91cC5jb21cL3dwLWNvbnRlbnRcL3VwbG9hZHNcLzIwMjRcLzEyXC9QZXJnb2xhLVN5c3RlbS0xLmpwZyIsInNsaWRlc2hvdyI6IjVkNmViZmEifQ%3D%3D\" href='https:\/\/atlascogroup.com\/wp-content\/uploads\/2024\/12\/Pergola-System-1.jpg'><img loading=\"lazy\" decoding=\"async\" width=\"700\" height=\"560\" src=\"data:image\/svg+xml;charset=utf-8,%3Csvg xmlns%3D&#039;http%3A%2F%2Fwww.w3.org%2F2000%2Fsvg&#039; viewBox%3D&#039;0 0 700 560&#039;%2F%3E\" class=\"attachment-liquid-style19-lb size-liquid-style19-lb ld-lazyload\" alt=\"\" data-src=\"https:\/\/atlascogroup.com\/wp-content\/uploads\/2024\/12\/Pergola-System-1-700x560.jpg\" data-aspect=\"1.25\" \/><\/a>\n\t\t\t<\/div><\/figure><figure class='gallery-item'>\n\t\t\t<div class='gallery-icon landscape'>\n\t\t\t\t<a data-elementor-open-lightbox=\"yes\" data-elementor-lightbox-slideshow=\"5d6ebfa\" data-elementor-lightbox-title=\"Pergola-System.jpg\" data-e-action-hash=\"#elementor-action%3Aaction%3Dlightbox%26settings%3DeyJpZCI6MTcwNSwidXJsIjoiaHR0cHM6XC9cL2F0bGFzY29ncm91cC5jb21cL3dwLWNvbnRlbnRcL3VwbG9hZHNcLzIwMjRcLzEyXC9QZXJnb2xhLVN5c3RlbS0zLmpwZyIsInNsaWRlc2hvdyI6IjVkNmViZmEifQ%3D%3D\" href='https:\/\/atlascogroup.com\/wp-content\/uploads\/2024\/12\/Pergola-System-3.jpg'><img loading=\"lazy\" decoding=\"async\" width=\"700\" height=\"560\" src=\"data:image\/svg+xml;charset=utf-8,%3Csvg xmlns%3D&#039;http%3A%2F%2Fwww.w3.org%2F2000%2Fsvg&#039; viewBox%3D&#039;0 0 700 560&#039;%2F%3E\" class=\"attachment-liquid-style19-lb size-liquid-style19-lb ld-lazyload\" alt=\"\" data-src=\"https:\/\/atlascogroup.com\/wp-content\/uploads\/2024\/12\/Pergola-System-3-700x560.jpg\" data-aspect=\"1.25\" \/><\/a>\n\t\t\t<\/div><\/figure><figure class='gallery-item'>\n\t\t\t<div class='gallery-icon landscape'>\n\t\t\t\t<a data-elementor-open-lightbox=\"yes\" data-elementor-lightbox-slideshow=\"5d6ebfa\" data-elementor-lightbox-title=\"Rolling-Curtain-System-2.jpg\" data-e-action-hash=\"#elementor-action%3Aaction%3Dlightbox%26settings%3DeyJpZCI6MTcwNywidXJsIjoiaHR0cHM6XC9cL2F0bGFzY29ncm91cC5jb21cL3dwLWNvbnRlbnRcL3VwbG9hZHNcLzIwMjRcLzEyXC9Sb2xsaW5nLUN1cnRhaW4tU3lzdGVtLTItMS5qcGciLCJzbGlkZXNob3ciOiI1ZDZlYmZhIn0%3D\" href='https:\/\/atlascogroup.com\/wp-content\/uploads\/2024\/12\/Rolling-Curtain-System-2-1.jpg'><img loading=\"lazy\" decoding=\"async\" width=\"700\" height=\"560\" src=\"data:image\/svg+xml;charset=utf-8,%3Csvg xmlns%3D&#039;http%3A%2F%2Fwww.w3.org%2F2000%2Fsvg&#039; viewBox%3D&#039;0 0 700 560&#039;%2F%3E\" class=\"attachment-liquid-style19-lb size-liquid-style19-lb ld-lazyload\" alt=\"\" data-src=\"https:\/\/atlascogroup.com\/wp-content\/uploads\/2024\/12\/Rolling-Curtain-System-2-1-700x560.jpg\" data-aspect=\"1.25\" \/><\/a>\n\t\t\t<\/div><\/figure><figure class='gallery-item'>\n\t\t\t<div class='gallery-icon landscape'>\n\t\t\t\t<a data-elementor-open-lightbox=\"yes\" data-elementor-lightbox-slideshow=\"5d6ebfa\" data-elementor-lightbox-title=\"Rolling-Curtain-System-1.jpg\" data-e-action-hash=\"#elementor-action%3Aaction%3Dlightbox%26settings%3DeyJpZCI6MTcxNSwidXJsIjoiaHR0cHM6XC9cL2F0bGFzY29ncm91cC5jb21cL3dwLWNvbnRlbnRcL3VwbG9hZHNcLzIwMjRcLzEyXC9Sb2xsaW5nLUN1cnRhaW4tU3lzdGVtLTEtMi5qcGciLCJzbGlkZXNob3ciOiI1ZDZlYmZhIn0%3D\" href='https:\/\/atlascogroup.com\/wp-content\/uploads\/2024\/12\/Rolling-Curtain-System-1-2.jpg'><img loading=\"lazy\" decoding=\"async\" width=\"700\" height=\"560\" src=\"data:image\/svg+xml;charset=utf-8,%3Csvg xmlns%3D&#039;http%3A%2F%2Fwww.w3.org%2F2000%2Fsvg&#039; viewBox%3D&#039;0 0 700 560&#039;%2F%3E\" class=\"attachment-liquid-style19-lb size-liquid-style19-lb ld-lazyload\" alt=\"\" data-src=\"https:\/\/atlascogroup.com\/wp-content\/uploads\/2024\/12\/Rolling-Curtain-System-1-2-700x560.jpg\" data-aspect=\"1.25\" \/><\/a>\n\t\t\t<\/div><\/figure>\n\t\t<\/div>\n\t\t<\/div>\n\t\t\t\t\t\t<\/div>\n\t\t\t\t<\/div>\n\t\t\t\t\t<\/div>\n\t\t\t\t<\/div>\n\t\t\t\t<\/div>\n\t\t <\/div><\/div>\t\t\n\t\t<\/div>\n\t\t\t\t\t<\/div>\n\t\t\t\t<\/div>\n\t\t\t\t\t<\/div>\n\t\t<\/div>\n\t\t\t\t\t<\/div>\n\t\t<\/section>\n\t\t\t\t<\/div>\n\t\t","protected":false},"excerpt":{"rendered":"<p>Proyectos Recientes Los proyectos recientes de Atlas Group LLC muestran un dise\u00f1o innovador y una ingenier\u00eda de primer nivel, combinando est\u00e9tica y funcionalidad en perfecta armon\u00eda. Abarcando una amplia gama de sectores de construcci\u00f3n, estos proyectos ofrecen soluciones de alta calidad adaptadas a los est\u00e1ndares de nuestros clientes. Exterior Interior Out Door<\/p>\n","protected":false},"author":1,"featured_media":0,"parent":0,"menu_order":0,"comment_status":"closed","ping_status":"closed","template":"","meta":{"footnotes":""},"class_list":["post-1491","page","type-page","status-publish","hentry"],"_links":{"self":[{"href":"https:\/\/atlascogroup.com\/es\/wp-json\/wp\/v2\/pages\/1491","targetHints":{"allow":["GET"]}}],"collection":[{"href":"https:\/\/atlascogroup.com\/es\/wp-json\/wp\/v2\/pages"}],"about":[{"href":"https:\/\/atlascogroup.com\/es\/wp-json\/wp\/v2\/types\/page"}],"author":[{"embeddable":true,"href":"https:\/\/atlascogroup.com\/es\/wp-json\/wp\/v2\/users\/1"}],"replies":[{"embeddable":true,"href":"https:\/\/atlascogroup.com\/es\/wp-json\/wp\/v2\/comments?post=1491"}],"version-history":[{"count":7,"href":"https:\/\/atlascogroup.com\/es\/wp-json\/wp\/v2\/pages\/1491\/revisions"}],"predecessor-version":[{"id":1771,"href":"https:\/\/atlascogroup.com\/es\/wp-json\/wp\/v2\/pages\/1491\/revisions\/1771"}],"wp:attachment":[{"href":"https:\/\/atlascogroup.com\/es\/wp-json\/wp\/v2\/media?parent=1491"}],"curies":[{"name":"wp","href":"https:\/\/api.w.org\/{rel}","templated":true}]}}