{"id":1495,"date":"2022-04-04T17:04:21","date_gmt":"2022-04-04T17:04:21","guid":{"rendered":"https:\/\/atlascogroup.com\/servicios\/"},"modified":"2024-12-08T17:12:17","modified_gmt":"2024-12-08T17:12:17","slug":"servicios","status":"publish","type":"page","link":"https:\/\/atlascogroup.com\/es\/servicios\/","title":{"rendered":"Servicios"},"content":{"rendered":"\t\t<div data-elementor-type=\"wp-page\" data-elementor-id=\"1495\" class=\"elementor elementor-1495 elementor-450\" data-elementor-post-type=\"page\">\n\t\t\t\t\t\t<section data-custom-animations=\"true\" data-ca-options=\"{&quot;addChildTimelines&quot;:false,&quot;animationTarget&quot;:&quot;:scope &gt; .elementor-container &gt; .elementor-column&quot;,&quot;ease&quot;:[&quot;power4.out&quot;],&quot;initValues&quot;:{&quot;y&quot;:&quot;40px&quot;,&quot;opacity&quot;:0},&quot;animations&quot;:{&quot;y&quot;:&quot;0px&quot;,&quot;opacity&quot;:1}}\" class=\"elementor-section elementor-top-section elementor-element elementor-element-726193b elementor-section-boxed elementor-section-height-default elementor-section-height-default\" data-id=\"726193b\" data-element_type=\"section\" data-e-type=\"section\" data-settings=\"{&quot;background_background&quot;:&quot;classic&quot;}\">\n\t\t\t\t\t\t<div class=\"elementor-container elementor-column-gap-default\">\n\t\t\t\t\t<div class=\"elementor-column elementor-col-33 elementor-top-column elementor-element elementor-element-c6cb9aa\" data-id=\"c6cb9aa\" data-element_type=\"column\" data-e-type=\"column\">\n\t\t\t<div class=\"elementor-widget-wrap elementor-element-populated\">\n\t\t\t\t\t\t<div class=\"elementor-element elementor-element-d3a09ec elementor-widget elementor-widget-hub_fancy_heading\" data-id=\"d3a09ec\" data-element_type=\"widget\" data-e-type=\"widget\" data-widget_type=\"hub_fancy_heading.default\">\n\t\t\t\t<div class=\"elementor-widget-container\">\n\t\t\t\t\t\n\t\t<div id=\"ld-fancy-heading-6a099a83720a0\" class=\"ld-fancy-heading pos-rel\">\n\t\t\t<h6 class=\"ld-fh-element d-inline-block pos-rel  elementor-heading-title lqd-highlight-classic lqd-highlight-grow-left h6\"  > Interior Design<\/h6>\t\t<\/div>\n\n\t\t\t\t\t\t<\/div>\n\t\t\t\t<\/div>\n\t\t\t\t<div class=\"elementor-element elementor-element-33d24a4 elementor-widget elementor-widget-hub_fancy_heading\" data-id=\"33d24a4\" data-element_type=\"widget\" data-e-type=\"widget\" data-widget_type=\"hub_fancy_heading.default\">\n\t\t\t\t<div class=\"elementor-widget-container\">\n\t\t\t\t\t\n\t\t<div id=\"ld-fancy-heading-6a099a83725ff\" class=\"ld-fancy-heading pos-rel\">\n\t\t\t<h2 class=\"ld-fh-element d-inline-block pos-rel  elementor-heading-title lqd-highlight-classic lqd-highlight-grow-left h2\"  > Nuestros Servicios\n\n\n\n\n\n\n<\/h2>\t\t<\/div>\n\n\t\t\t\t\t\t<\/div>\n\t\t\t\t<\/div>\n\t\t\t\t<div class=\"elementor-element elementor-element-4d10895 elementor-widget elementor-widget-hub_fancy_heading\" data-id=\"4d10895\" data-element_type=\"widget\" data-e-type=\"widget\" data-widget_type=\"hub_fancy_heading.default\">\n\t\t\t\t<div class=\"elementor-widget-container\">\n\t\t\t\t\t\n\t\t<div id=\"ld-fancy-heading-6a099a8372a4f\" class=\"ld-fancy-heading pos-rel\">\n\t\t\t<p class=\"ld-fh-element d-inline-block pos-rel  lqd-highlight-classic lqd-highlight-grow-left p\"  > Desde el concepto hasta la finalizaci\u00f3n, ofrecemos soluciones integrales para satisfacer tus necesidades arquitect\u00f3nicas y de construcci\u00f3n con precisi\u00f3n y experiencia.\n\n\n\n\n\n\n<\/p>\t\t<\/div>\n\n\t\t\t\t\t\t<\/div>\n\t\t\t\t<\/div>\n\t\t\t\t\t<\/div>\n\t\t<\/div>\n\t\t\t\t<div class=\"elementor-column elementor-col-33 elementor-top-column elementor-element elementor-element-cfd91d6\" data-id=\"cfd91d6\" data-element_type=\"column\" data-e-type=\"column\">\n\t\t\t<div class=\"elementor-widget-wrap elementor-element-populated\">\n\t\t\t\t\t\t<div class=\"elementor-element elementor-element-6b2f61d elementor-align-left elementor-widget elementor-widget-ld_icon_box\" data-id=\"6b2f61d\" data-element_type=\"widget\" data-e-type=\"widget\" data-widget_type=\"ld_icon_box.default\">\n\t\t\t\t<div class=\"elementor-widget-container\">\n\t\t\t\t\t\n\t\t\t<div id=\"ld_icon_box_6b2f61d\" class=\"iconbox d-flex flex-grow-1 pos-rel flex-column iconbox-default iconbox-heading-arrow-onhover\"   >\n\n\t\t\t\t\n\t\t\t\t<div class=\"iconbox-icon-wrap  \"><div class=\"iconbox-icon-container d-inline-flex   \"><img decoding=\"async\" src=\"https:\/\/atlascogroup.com\/wp-content\/uploads\/2024\/11\/i1.png\" class=\"lqd-image-icon\" \/><\/div><\/div>\n\t\t\t\t\n\t\t\t\t<div class=\"contents \">\n\t\t\t\t\n\t\t\t\t<h3 class=\"lqd-iconbox-heading\" >Proyecci\u00f3n\n\n\n\n\n\n\n <svg class=\"d-inline-block\" xmlns=\"http:\/\/www.w3.org\/2000\/svg\" width=\"12\" height=\"32\" viewBox=\"0 0 12 32\"><path fill=\"currentColor\" d=\"M8.375 16L.437 8.062C-.125 7.5-.125 6.5.438 5.938s1.563-.563 2.126 0l9 9c.562.562.624 1.5.062 2.062l-9.063 9.063c-.312.312-.687.437-1.062.437s-.75-.125-1.063-.438c-.562-.562-.562-1.562 0-2.125z\" fill=\"currentColor\"><\/path><\/svg><\/h3>\t\t\t\t<p class=\"lqd-iconbox-content\">Nuestros servicios de proyecci\u00f3n est\u00e1n dise\u00f1ados para hacer realidad tu visi\u00f3n. Ofrecemos soluciones de dise\u00f1o de proyectos personalizadas que cumplen con los requisitos \u00fanicos de cada cliente. Desde el desarrollo inicial del concepto hasta el dise\u00f1o y la planificaci\u00f3n detallada, nuestro equipo de arquitectos e ingenieros experimentados asegura que cada aspecto de tu proyecto est\u00e9 meticulosamente planificado. Tomamos en cuenta tu presupuesto, cronograma y necesidades espec\u00edficas, entregando un dise\u00f1o que se alinea perfectamente con tus objetivos.<\/p>\n\t\t\t\t\n\t\t\t\t<\/div>\n\t\t\t\t\n\t\t\t<\/div>\n\n\t\t\t\t\t\t<\/div>\n\t\t\t\t<\/div>\n\t\t\t\t\t<\/div>\n\t\t<\/div>\n\t\t\t\t<div class=\"elementor-column elementor-col-33 elementor-top-column elementor-element elementor-element-08d6235\" data-id=\"08d6235\" data-element_type=\"column\" data-e-type=\"column\">\n\t\t\t<div class=\"elementor-widget-wrap elementor-element-populated\">\n\t\t\t\t\t\t<div class=\"elementor-element elementor-element-d6f7d36 elementor-align-left elementor-widget elementor-widget-ld_icon_box\" data-id=\"d6f7d36\" data-element_type=\"widget\" data-e-type=\"widget\" data-widget_type=\"ld_icon_box.default\">\n\t\t\t\t<div class=\"elementor-widget-container\">\n\t\t\t\t\t\n\t\t\t<div id=\"ld_icon_box_d6f7d36\" class=\"iconbox d-flex flex-grow-1 pos-rel flex-column iconbox-default iconbox-heading-arrow-onhover\"   >\n\n\t\t\t\t\n\t\t\t\t<div class=\"iconbox-icon-wrap  \"><div class=\"iconbox-icon-container d-inline-flex   \"><img decoding=\"async\" src=\"https:\/\/atlascogroup.com\/wp-content\/uploads\/2024\/11\/i2.png\" class=\"lqd-image-icon\" \/><\/div><\/div>\n\t\t\t\t\n\t\t\t\t<div class=\"contents \">\n\t\t\t\t\n\t\t\t\t<h3 class=\"lqd-iconbox-heading\" >Fabricaci\u00f3n\n\n\n\n\n\n\n <svg class=\"d-inline-block\" xmlns=\"http:\/\/www.w3.org\/2000\/svg\" width=\"12\" height=\"32\" viewBox=\"0 0 12 32\"><path fill=\"currentColor\" d=\"M8.375 16L.437 8.062C-.125 7.5-.125 6.5.438 5.938s1.563-.563 2.126 0l9 9c.562.562.624 1.5.062 2.062l-9.063 9.063c-.312.312-.687.437-1.062.437s-.75-.125-1.063-.438c-.562-.562-.562-1.562 0-2.125z\" fill=\"currentColor\"><\/path><\/svg><\/h3>\t\t\t\t<p class=\"lqd-iconbox-content\">Atlas Group LLC cuenta con instalaciones de \u00faltima generaci\u00f3n para fabricar una amplia gama de componentes arquitect\u00f3nicos y estructurales. Nuestros servicios de fabricaci\u00f3n se centran en producir productos de aluminio y vidrio de alta calidad que cumplen con los m\u00e1s altos est\u00e1ndares de la industria. Ya sean elementos dise\u00f1ados a medida para fachadas o componentes de precisi\u00f3n para espacios interiores, garantizamos durabilidad y una artesan\u00eda superior en cada producto que creamos.\n\n\n\n\n\n\n<\/p>\n\t\t\t\t\n\t\t\t\t<\/div>\n\t\t\t\t\n\t\t\t<\/div>\n\n\t\t\t\t\t\t<\/div>\n\t\t\t\t<\/div>\n\t\t\t\t\t<\/div>\n\t\t<\/div>\n\t\t\t\t<div class=\"elementor-column elementor-col-33 elementor-top-column elementor-element elementor-element-4d4e4d2\" data-id=\"4d4e4d2\" data-element_type=\"column\" data-e-type=\"column\">\n\t\t\t<div class=\"elementor-widget-wrap elementor-element-populated\">\n\t\t\t\t\t\t<div class=\"elementor-element elementor-element-f008c8d elementor-align-left elementor-widget elementor-widget-ld_icon_box\" data-id=\"f008c8d\" data-element_type=\"widget\" data-e-type=\"widget\" data-widget_type=\"ld_icon_box.default\">\n\t\t\t\t<div class=\"elementor-widget-container\">\n\t\t\t\t\t\n\t\t\t<div id=\"ld_icon_box_f008c8d\" class=\"iconbox d-flex flex-grow-1 pos-rel flex-column iconbox-default iconbox-heading-arrow-onhover\"   >\n\n\t\t\t\t\n\t\t\t\t<div class=\"iconbox-icon-wrap  \"><div class=\"iconbox-icon-container d-inline-flex   \"><img decoding=\"async\" src=\"https:\/\/atlascogroup.com\/wp-content\/uploads\/2024\/11\/i3.png\" class=\"lqd-image-icon\" \/><\/div><\/div>\n\t\t\t\t\n\t\t\t\t<div class=\"contents \">\n\t\t\t\t\n\t\t\t\t<h3 class=\"lqd-iconbox-heading\" >Instalaci\u00f3n\n\n\n\n\n\n\n <svg class=\"d-inline-block\" xmlns=\"http:\/\/www.w3.org\/2000\/svg\" width=\"12\" height=\"32\" viewBox=\"0 0 12 32\"><path fill=\"currentColor\" d=\"M8.375 16L.437 8.062C-.125 7.5-.125 6.5.438 5.938s1.563-.563 2.126 0l9 9c.562.562.624 1.5.062 2.062l-9.063 9.063c-.312.312-.687.437-1.062.437s-.75-.125-1.063-.438c-.562-.562-.562-1.562 0-2.125z\" fill=\"currentColor\"><\/path><\/svg><\/h3>\t\t\t\t<p class=\"lqd-iconbox-content\">Con un enfoque en la precisi\u00f3n y la eficiencia, nuestros servicios de instalaci\u00f3n aseguran que cada componente del proyecto se integre perfectamente en el sitio. Nuestro equipo de instalaci\u00f3n, altamente capacitado, maneja todos los aspectos de las instalaciones de aluminio y vidrio, desde muros cortina y sistemas de fachadas comerciales hasta particiones interiores y barandillas. Trabajamos diligentemente para completar las instalaciones a tiempo, manteniendo un estricto cumplimiento de las normativas de seguridad y las especificaciones del proyecto.\n\n\n\n\n\n\n<\/p>\n\t\t\t\t\n\t\t\t\t<\/div>\n\t\t\t\t\n\t\t\t<\/div>\n\n\t\t\t\t\t\t<\/div>\n\t\t\t\t<\/div>\n\t\t\t\t\t<\/div>\n\t\t<\/div>\n\t\t\t\t<div class=\"elementor-column elementor-col-33 elementor-top-column elementor-element elementor-element-efee10a\" data-id=\"efee10a\" data-element_type=\"column\" data-e-type=\"column\">\n\t\t\t<div class=\"elementor-widget-wrap elementor-element-populated\">\n\t\t\t\t\t\t<div class=\"elementor-element elementor-element-d351ab9 elementor-align-left elementor-widget elementor-widget-ld_icon_box\" data-id=\"d351ab9\" data-element_type=\"widget\" data-e-type=\"widget\" data-widget_type=\"ld_icon_box.default\">\n\t\t\t\t<div class=\"elementor-widget-container\">\n\t\t\t\t\t\n\t\t\t<div id=\"ld_icon_box_d351ab9\" class=\"iconbox d-flex flex-grow-1 pos-rel flex-column iconbox-default iconbox-heading-arrow-onhover\"   >\n\n\t\t\t\t\n\t\t\t\t<div class=\"iconbox-icon-wrap  \"><div class=\"iconbox-icon-container d-inline-flex   \"><img decoding=\"async\" src=\"https:\/\/atlascogroup.com\/wp-content\/uploads\/2024\/11\/i4.png\" class=\"lqd-image-icon\" \/><\/div><\/div>\n\t\t\t\t\n\t\t\t\t<div class=\"contents \">\n\t\t\t\t\n\t\t\t\t<h3 class=\"lqd-iconbox-heading\" >Consultor\u00eda <svg class=\"d-inline-block\" xmlns=\"http:\/\/www.w3.org\/2000\/svg\" width=\"12\" height=\"32\" viewBox=\"0 0 12 32\"><path fill=\"currentColor\" d=\"M8.375 16L.437 8.062C-.125 7.5-.125 6.5.438 5.938s1.563-.563 2.126 0l9 9c.562.562.624 1.5.062 2.062l-9.063 9.063c-.312.312-.687.437-1.062.437s-.75-.125-1.063-.438c-.562-.562-.562-1.562 0-2.125z\" fill=\"currentColor\"><\/path><\/svg><\/h3>\t\t\t\t<p class=\"lqd-iconbox-content\">Nuestros servicios de consultor\u00eda ofrecen a los clientes orientaci\u00f3n experta durante las fases de planificaci\u00f3n, dise\u00f1o e implementaci\u00f3n de sus proyectos. Ayudamos a las empresas a navegar por los complejos requisitos normativos, seleccionar los mejores materiales y optimizar los cronogramas de sus proyectos. Con un profundo conocimiento de la industria, Atlas Group LLC ofrece soluciones pr\u00e1cticas que te ayudan a alcanzar tus objetivos mientras minimizas costos y maximizas la eficiencia.\n\n\n\n\n\n\n<\/p>\n\t\t\t\t\n\t\t\t\t<\/div>\n\t\t\t\t\n\t\t\t<\/div>\n\n\t\t\t\t\t\t<\/div>\n\t\t\t\t<\/div>\n\t\t\t\t\t<\/div>\n\t\t<\/div>\n\t\t\t\t<div class=\"elementor-column elementor-col-33 elementor-top-column elementor-element elementor-element-3da7320\" data-id=\"3da7320\" data-element_type=\"column\" data-e-type=\"column\">\n\t\t\t<div class=\"elementor-widget-wrap elementor-element-populated\">\n\t\t\t\t\t\t<div class=\"elementor-element elementor-element-ea3a180 elementor-align-left elementor-widget elementor-widget-ld_icon_box\" data-id=\"ea3a180\" data-element_type=\"widget\" data-e-type=\"widget\" data-widget_type=\"ld_icon_box.default\">\n\t\t\t\t<div class=\"elementor-widget-container\">\n\t\t\t\t\t\n\t\t\t<div id=\"ld_icon_box_ea3a180\" class=\"iconbox d-flex flex-grow-1 pos-rel flex-column iconbox-default iconbox-heading-arrow-onhover\"   >\n\n\t\t\t\t\n\t\t\t\t<div class=\"iconbox-icon-wrap  \"><div class=\"iconbox-icon-container d-inline-flex   \"><img decoding=\"async\" src=\"https:\/\/atlascogroup.com\/wp-content\/uploads\/2024\/11\/i6.png\" class=\"lqd-image-icon\" \/><\/div><\/div>\n\t\t\t\t\n\t\t\t\t<div class=\"contents \">\n\t\t\t\t\n\t\t\t\t<h3 class=\"lqd-iconbox-heading\" >Mantenimiento\n\n\n\n\n\n\n <svg class=\"d-inline-block\" xmlns=\"http:\/\/www.w3.org\/2000\/svg\" width=\"12\" height=\"32\" viewBox=\"0 0 12 32\"><path fill=\"currentColor\" d=\"M8.375 16L.437 8.062C-.125 7.5-.125 6.5.438 5.938s1.563-.563 2.126 0l9 9c.562.562.624 1.5.062 2.062l-9.063 9.063c-.312.312-.687.437-1.062.437s-.75-.125-1.063-.438c-.562-.562-.562-1.562 0-2.125z\" fill=\"currentColor\"><\/path><\/svg><\/h3>\t\t\t\t<p class=\"lqd-iconbox-content\">Creemos que el \u00e9xito a largo plazo requiere un cuidado continuo, por eso ofrecemos servicios de mantenimiento para mantener tus instalaciones en perfectas condiciones. Nuestro equipo de mantenimiento realiza inspecciones y reparaciones regulares para garantizar que tus sistemas de aluminio y vidrio conserven su integridad estructural y atractivo est\u00e9tico con el tiempo. Ya sea mantenimiento rutinario o reparaciones de emergencia, estamos comprometidos a prolongar la vida \u00fatil de tu inversi\u00f3n.\n\n\n\n\n\n\n<\/p>\n\t\t\t\t\n\t\t\t\t<\/div>\n\t\t\t\t\n\t\t\t<\/div>\n\n\t\t\t\t\t\t<\/div>\n\t\t\t\t<\/div>\n\t\t\t\t\t<\/div>\n\t\t<\/div>\n\t\t\t\t\t<\/div>\n\t\t<\/section>\n\t\t\t\t<\/div>\n\t\t","protected":false},"excerpt":{"rendered":"<p>Interior Design Nuestros Servicios Desde el concepto hasta la finalizaci\u00f3n, ofrecemos soluciones integrales para satisfacer tus necesidades arquitect\u00f3nicas y de construcci\u00f3n con precisi\u00f3n y experiencia. Proyecci\u00f3n Nuestros servicios de proyecci\u00f3n est\u00e1n dise\u00f1ados para hacer realidad tu visi\u00f3n. Ofrecemos soluciones de dise\u00f1o de proyectos personalizadas que cumplen con los requisitos \u00fanicos de cada cliente. Desde el [&hellip;]<\/p>\n","protected":false},"author":1,"featured_media":0,"parent":0,"menu_order":0,"comment_status":"closed","ping_status":"closed","template":"","meta":{"footnotes":""},"class_list":["post-1495","page","type-page","status-publish","hentry"],"_links":{"self":[{"href":"https:\/\/atlascogroup.com\/es\/wp-json\/wp\/v2\/pages\/1495","targetHints":{"allow":["GET"]}}],"collection":[{"href":"https:\/\/atlascogroup.com\/es\/wp-json\/wp\/v2\/pages"}],"about":[{"href":"https:\/\/atlascogroup.com\/es\/wp-json\/wp\/v2\/types\/page"}],"author":[{"embeddable":true,"href":"https:\/\/atlascogroup.com\/es\/wp-json\/wp\/v2\/users\/1"}],"replies":[{"embeddable":true,"href":"https:\/\/atlascogroup.com\/es\/wp-json\/wp\/v2\/comments?post=1495"}],"version-history":[{"count":4,"href":"https:\/\/atlascogroup.com\/es\/wp-json\/wp\/v2\/pages\/1495\/revisions"}],"predecessor-version":[{"id":1527,"href":"https:\/\/atlascogroup.com\/es\/wp-json\/wp\/v2\/pages\/1495\/revisions\/1527"}],"wp:attachment":[{"href":"https:\/\/atlascogroup.com\/es\/wp-json\/wp\/v2\/media?parent=1495"}],"curies":[{"name":"wp","href":"https:\/\/api.w.org\/{rel}","templated":true}]}}